{"id":1984,"date":"2023-01-05T10:24:50","date_gmt":"2023-01-05T10:24:50","guid":{"rendered":"https:\/\/www.bendingtherules.co.uk\/home\/?page_id=1984"},"modified":"2023-01-07T12:43:00","modified_gmt":"2023-01-07T12:43:00","slug":"to-the-med-1","status":"publish","type":"page","link":"https:\/\/www.bendingtherules.co.uk\/home\/to-the-med-1\/","title":{"rendered":"To The Med \u2013 1"},"content":{"rendered":"\n<p><a href=\"https:\/\/www.bendingtherules.co.uk\/home\/holidays\/\" data-type=\"page\" data-id=\"21\">&lt; \u2013 Holidays<\/a><\/p>\n\n\n\n<p>Skip the journey and go to <a href=\"https:\/\/www.bendingtherules.co.uk\/home\/the-international-tandem-rally-2019\/\" data-type=\"page\" data-id=\"2194\">The International Tandem Rally 2019 ><\/a><\/p>\n\n\n\n<h3 class=\"wp-block-heading\">Planning<\/h3>\n\n\n\n<p>Talk to any serious cyclist and they will be familiar with Mont Ventoux in the Provence region, south-east France.  Standing alone and towering to 6,263 feet above the surrounding countryside, one could say any self-respecting (and keen) rider should have a crack at climbing to the summit by one of three routes. And that, in essence, was the formulation of a plan. We could cycle there from home \u2013 getting fit on the way \u2013 stay in a hotel\/B&amp;B in the village of B\u00e9doin at it&#8217;s foot, strip the Pino down of all superfluous gadgets and accessories etc. and have a go at riding up it. Even if we didn&#8217;t make it to the top, it would be an adventure to get there and back.<\/p>\n\n\n\n<p>We live in the south, central part of the UK. South of us is Southampton, and the ferries to Caen and the Cherbourg Peninsular. We could get to the port with an overnight stop halfway. An overnight ferry would have us in France for the second morning of our trip. From there, the most direct route is less than 600 miles.<\/p>\n\n\n\n<figure class=\"wp-block-image size-large\"><img loading=\"lazy\" decoding=\"async\" width=\"1024\" height=\"717\" src=\"https:\/\/www.bendingtherules.co.uk\/home\/wp-content\/uploads\/2022\/12\/Screenshot-2019-09-16-at-13.42.35-1024x717.png\" alt=\"\" class=\"wp-image-1985\" srcset=\"https:\/\/www.bendingtherules.co.uk\/home\/wp-content\/uploads\/2022\/12\/Screenshot-2019-09-16-at-13.42.35-1024x717.png 1024w, https:\/\/www.bendingtherules.co.uk\/home\/wp-content\/uploads\/2022\/12\/Screenshot-2019-09-16-at-13.42.35-300x210.png 300w, https:\/\/www.bendingtherules.co.uk\/home\/wp-content\/uploads\/2022\/12\/Screenshot-2019-09-16-at-13.42.35-768x538.png 768w, https:\/\/www.bendingtherules.co.uk\/home\/wp-content\/uploads\/2022\/12\/Screenshot-2019-09-16-at-13.42.35-750x525.png 750w, https:\/\/www.bendingtherules.co.uk\/home\/wp-content\/uploads\/2022\/12\/Screenshot-2019-09-16-at-13.42.35.png 1383w\" sizes=\"auto, (max-width: 1024px) 100vw, 1024px\" \/><figcaption class=\"wp-element-caption\">The direct route to Mt Ventoux had some serious obstacles!<\/figcaption><\/figure>\n\n\n\n<p>However, there are some serious lumps towards the end of that route and while we relished the thought of having a crack at Mt Ventoux on the stripped down Pino, climbing almost as high with a fully loaded bike and trailer was not so appealing! An alternative route was needed \u2013 one that would avoid too many climbs. The mountain is not too far from Avignon which sits on the river Rh\u00f4ne and it&#8217;s possible to use the network of rivers and canals to navigate around France.<\/p>\n\n\n\n<p>And so I devised a route: From Ouistreham, the ferry port near Caen, we would take the cycle path that follows the &#8216;Canal de Caen \u00e0 la Mer&#8217; as far as Pegasus Bridge then head across Normandy to reach the Loire at a town lovely called Beaugency where we have stayed before. We would follow the Loire east then south to Digoin where we could follow the Canal du Centre to Chalon sur Sa\u00f4ne. It&#8217;s a bit of a dog-leg but is almost flat. The Sa\u00f4ne flow south, and joins the Rh\u00f4ne at Lyon. That continues south to Avignon, passing close by Mt Ventoux, then flows out into the Mediterranean.<\/p>\n\n\n\n<figure class=\"wp-block-image size-full\"><img loading=\"lazy\" decoding=\"async\" width=\"609\" height=\"540\" src=\"https:\/\/www.bendingtherules.co.uk\/home\/wp-content\/uploads\/2022\/12\/image-2.png\" alt=\"\" class=\"wp-image-1988\" srcset=\"https:\/\/www.bendingtherules.co.uk\/home\/wp-content\/uploads\/2022\/12\/image-2.png 609w, https:\/\/www.bendingtherules.co.uk\/home\/wp-content\/uploads\/2022\/12\/image-2-300x266.png 300w\" sizes=\"auto, (max-width: 609px) 100vw, 609px\" \/><figcaption class=\"wp-element-caption\">The revised route using rivers and canals was relatively flat.<\/figcaption><\/figure>\n\n\n\n<p>Then the International Tandem Rally (ITR) was announced by the Tandem Club and it would be held at a place called Marciac, some 80km west of Toulouse. If we were in the south of France anyway, we could continue to Marciac, spend the week at the ITR then cycle home from there, possibly up the west coast of France.<\/p>\n\n\n\n<figure class=\"wp-block-image size-full\"><img loading=\"lazy\" decoding=\"async\" width=\"609\" height=\"540\" src=\"https:\/\/www.bendingtherules.co.uk\/home\/wp-content\/uploads\/2022\/12\/image-3.png\" alt=\"\" class=\"wp-image-1989\" srcset=\"https:\/\/www.bendingtherules.co.uk\/home\/wp-content\/uploads\/2022\/12\/image-3.png 609w, https:\/\/www.bendingtherules.co.uk\/home\/wp-content\/uploads\/2022\/12\/image-3-300x266.png 300w\" sizes=\"auto, (max-width: 609px) 100vw, 609px\" \/><figcaption class=\"wp-element-caption\">With the ITR site added, near Toulouse, and the return route up the west coast and across Brittany.<\/figcaption><\/figure>\n\n\n\n<p>I used Memory Map to plan the route on the IGN 100,000 map of France:<\/p>\n\n\n\n<figure class=\"wp-block-image size-large\"><img loading=\"lazy\" decoding=\"async\" width=\"1024\" height=\"903\" src=\"https:\/\/www.bendingtherules.co.uk\/home\/wp-content\/uploads\/2022\/12\/Screenshot-2019-10-01-at-09.36.52-1024x903.png\" alt=\"\" class=\"wp-image-1990\" srcset=\"https:\/\/www.bendingtherules.co.uk\/home\/wp-content\/uploads\/2022\/12\/Screenshot-2019-10-01-at-09.36.52-1024x903.png 1024w, https:\/\/www.bendingtherules.co.uk\/home\/wp-content\/uploads\/2022\/12\/Screenshot-2019-10-01-at-09.36.52-300x265.png 300w, https:\/\/www.bendingtherules.co.uk\/home\/wp-content\/uploads\/2022\/12\/Screenshot-2019-10-01-at-09.36.52-768x677.png 768w, https:\/\/www.bendingtherules.co.uk\/home\/wp-content\/uploads\/2022\/12\/Screenshot-2019-10-01-at-09.36.52-1536x1355.png 1536w, https:\/\/www.bendingtherules.co.uk\/home\/wp-content\/uploads\/2022\/12\/Screenshot-2019-10-01-at-09.36.52-2048x1806.png 2048w, https:\/\/www.bendingtherules.co.uk\/home\/wp-content\/uploads\/2022\/12\/Screenshot-2019-10-01-at-09.36.52-750x661.png 750w\" sizes=\"auto, (max-width: 1024px) 100vw, 1024px\" \/><figcaption class=\"wp-element-caption\">The 1:100,000 has a reasonable amount of details and some contour info. Velo routes were marked too, which is a bonus.<\/figcaption><\/figure>\n\n\n\n<p>I earmarked potential campsites at about 35-40 mile intervals <a rel=\"noreferrer noopener\" href=\"https:\/\/apps.apple.com\/gb\/app\/archiescampings\/id630776793\" target=\"_blank\">using the &#8216;Archies&#8217; app<\/a>.<\/p>\n\n\n\n<figure class=\"wp-block-image size-medium is-resized\"><img decoding=\"async\" src=\"https:\/\/www.bendingtherules.co.uk\/home\/wp-content\/uploads\/2022\/12\/IMG_7855-139x300.png\" alt=\"\" class=\"wp-image-1991\" width=\"200\" srcset=\"https:\/\/www.bendingtherules.co.uk\/home\/wp-content\/uploads\/2022\/12\/IMG_7855-139x300.png 139w, https:\/\/www.bendingtherules.co.uk\/home\/wp-content\/uploads\/2022\/12\/IMG_7855-473x1024.png 473w, https:\/\/www.bendingtherules.co.uk\/home\/wp-content\/uploads\/2022\/12\/IMG_7855-768x1663.png 768w, https:\/\/www.bendingtherules.co.uk\/home\/wp-content\/uploads\/2022\/12\/IMG_7855-709x1536.png 709w, https:\/\/www.bendingtherules.co.uk\/home\/wp-content\/uploads\/2022\/12\/IMG_7855-946x2048.png 946w, https:\/\/www.bendingtherules.co.uk\/home\/wp-content\/uploads\/2022\/12\/IMG_7855-750x1624.png 750w, https:\/\/www.bendingtherules.co.uk\/home\/wp-content\/uploads\/2022\/12\/IMG_7855.png 1125w\" sizes=\"(max-width: 139px) 100vw, 139px\" \/><figcaption class=\"wp-element-caption\">Campsites are marked with different coloured &#8216;A&#8217;s depending on their status\/quality. Clicking on an A calls up contact information, longitude and latitude, elevation, dates open and roughly how many pitches.<\/figcaption><\/figure>\n\n\n\n<figure class=\"wp-block-image size-full\"><img loading=\"lazy\" decoding=\"async\" width=\"1024\" height=\"768\" src=\"https:\/\/www.bendingtherules.co.uk\/home\/wp-content\/uploads\/2022\/12\/8CBCEC2D-F953-46DC-BADF-F38898C98063_1_105_c.jpeg\" alt=\"\" class=\"wp-image-1992\" srcset=\"https:\/\/www.bendingtherules.co.uk\/home\/wp-content\/uploads\/2022\/12\/8CBCEC2D-F953-46DC-BADF-F38898C98063_1_105_c.jpeg 1024w, https:\/\/www.bendingtherules.co.uk\/home\/wp-content\/uploads\/2022\/12\/8CBCEC2D-F953-46DC-BADF-F38898C98063_1_105_c-300x225.jpeg 300w, https:\/\/www.bendingtherules.co.uk\/home\/wp-content\/uploads\/2022\/12\/8CBCEC2D-F953-46DC-BADF-F38898C98063_1_105_c-768x576.jpeg 768w, https:\/\/www.bendingtherules.co.uk\/home\/wp-content\/uploads\/2022\/12\/8CBCEC2D-F953-46DC-BADF-F38898C98063_1_105_c-750x563.jpeg 750w\" sizes=\"auto, (max-width: 1024px) 100vw, 1024px\" \/><figcaption class=\"wp-element-caption\">The Pino, fully loaded with trailer. Mt Ventoux is on the skyline.<\/figcaption><\/figure>\n\n\n\n<p>The trailer carried it&#8217;s own spare tubes, extra 1.5 ltr water, Camp chairs, tent and bedding, a small burner for tea\/coffee and hard boiling eggs. On top were two solar panels to charge two small powerbanks during the day to recharge our phones\/camera in the evening.<\/p>\n\n\n\n<p>At the back of the bike in loose bags were food for lunch and snacks, utensils, helmets, and in the shade a FRIO bag with Karon&#8217;s insulin. This works by keeping it wet\/damp and the evaporation keeps the contents cool. In the rear panniers were evening clothes and Karon&#8217;s medication. Tools and tubes under the crossbar, water behind the seat..3 x 0.75 ltr bottles and a 2 ltr Camelback. In the Arkle recumbent bags was cycling clothes, money, passports and sketching kits. The front bag held Karon&#8217;s blood-sugar test kit and her phone. My phone was mounted on the right handlebar to navigate with. There was another powerbank in the front seat-top bag which I could hook up to my phone if needed. There is also a front hub dynamo connected to a Busch + M\u00fcller Lumotec IQ2 Luxos B Dynamo Front Light with a USB outlet for powering small devices.<\/p>\n\n\n\n<p><a href=\"https:\/\/www.bendingtherules.co.uk\/home\/holidays\/\" data-type=\"page\" data-id=\"21\">&lt; \u2013 Holidays<\/a><\/p>\n\n\n\n<p><a href=\"https:\/\/www.bendingtherules.co.uk\/home\/to-the-med-2\/\" data-type=\"page\" data-id=\"1994\">To the Med \u2013 2 &gt;<\/a><\/p>\n","protected":false},"excerpt":{"rendered":"<p>&lt; \u2013 Holidays Skip the journey and go to The International Tandem Rally 2019 > Planning Talk to any serious cyclist and they will be familiar with Mont Ventoux in the Provence region, south-east France. Standing alone and towering to 6,263 feet above the surrounding countryside, one could say any self-respecting (and keen) rider should &hellip; <\/p>\n<p><a class=\"more-link btn\" href=\"https:\/\/www.bendingtherules.co.uk\/home\/to-the-med-1\/\">Continue reading<\/a><\/p>\n","protected":false},"author":1,"featured_media":0,"parent":0,"menu_order":0,"comment_status":"closed","ping_status":"closed","template":"","meta":{"ngg_post_thumbnail":0,"footnotes":""},"class_list":["post-1984","page","type-page","status-publish","hentry","nodate","item-wrap"],"_links":{"self":[{"href":"https:\/\/www.bendingtherules.co.uk\/home\/wp-json\/wp\/v2\/pages\/1984","targetHints":{"allow":["GET"]}}],"collection":[{"href":"https:\/\/www.bendingtherules.co.uk\/home\/wp-json\/wp\/v2\/pages"}],"about":[{"href":"https:\/\/www.bendingtherules.co.uk\/home\/wp-json\/wp\/v2\/types\/page"}],"author":[{"embeddable":true,"href":"https:\/\/www.bendingtherules.co.uk\/home\/wp-json\/wp\/v2\/users\/1"}],"replies":[{"embeddable":true,"href":"https:\/\/www.bendingtherules.co.uk\/home\/wp-json\/wp\/v2\/comments?post=1984"}],"version-history":[{"count":6,"href":"https:\/\/www.bendingtherules.co.uk\/home\/wp-json\/wp\/v2\/pages\/1984\/revisions"}],"predecessor-version":[{"id":2266,"href":"https:\/\/www.bendingtherules.co.uk\/home\/wp-json\/wp\/v2\/pages\/1984\/revisions\/2266"}],"wp:attachment":[{"href":"https:\/\/www.bendingtherules.co.uk\/home\/wp-json\/wp\/v2\/media?parent=1984"}],"curies":[{"name":"wp","href":"https:\/\/api.w.org\/{rel}","templated":true}]}}